{"id":4430,"date":"2024-03-12T09:45:06","date_gmt":"2024-03-12T08:45:06","guid":{"rendered":"https:\/\/www.gaudemus.com\/prenotazioni-ristorante\/"},"modified":"2024-03-28T10:30:51","modified_gmt":"2024-03-28T09:30:51","slug":"restaurantreservierungen","status":"publish","type":"page","link":"https:\/\/www.gaudemus.com\/de\/restaurantreservierungen\/","title":{"rendered":"Restaurantreservierungen"},"content":{"rendered":"\t\t<div data-elementor-type=\"wp-page\" data-elementor-id=\"4430\" class=\"elementor elementor-4430 elementor-2746\">\n\t\t\t\t\t\t<section class=\"elementor-section elementor-top-section elementor-element elementor-element-3a62064 elementor-section-height-min-height cs-section-content-fullwidth cs-parallax-on-scroll cs_scroll_y_80 elementor-section-boxed elementor-section-height-default elementor-section-items-middle\" data-id=\"3a62064\" data-element_type=\"section\" data-e-type=\"section\" data-settings=\"{&quot;background_background&quot;:&quot;classic&quot;}\" data-cs-parallax-y=\"80\" style=\"background-image: none;\" data-cs-background-image=\"https:\/\/www.gaudemus.com\/wp-content\/uploads\/2024\/03\/Locanda_gaudemus_solarium_jacuzzi.jpg\">\n\t\t\t\t\t\t\t<div class=\"elementor-background-overlay\"><\/div>\n\t\t\t\t\t\t\t<div class=\"elementor-container elementor-column-gap-no\">\n\t\t\t\t\t<div class=\"elementor-column elementor-col-100 elementor-top-column elementor-element elementor-element-60de481 dark-color\" data-id=\"60de481\" data-element_type=\"column\" data-e-type=\"column\">\n\t\t\t<div class=\"elementor-widget-wrap elementor-element-populated\">\n\t\t\t\t\t\t<div class=\"elementor-element elementor-element-5d9542c4 elementor-widget elementor-widget-cs_title\" data-id=\"5d9542c4\" data-element_type=\"widget\" data-e-type=\"widget\" data-widget_type=\"cs_title.default\">\n\t\t\t\t<div class=\"elementor-widget-container\">\n\t\t\t\t\t\n        <div class=\"cs-title-wrap text-center\">\t            <h1 class=\"cs-title\">\n\t                Restaurantreservierungen\t            <\/h1>        <\/div>\t\t\t\t<\/div>\n\t\t\t\t<\/div>\n\t\t\t\t\t<\/div>\n\t\t<\/div>\n\t\t\t\t\t<\/div>\n\t\t<\/section>\n\t\t\t\t<section class=\"elementor-section elementor-top-section elementor-element elementor-element-720a50ca cs-section-content-fullwidth cs-animation-small-offset elementor-section-boxed elementor-section-height-default elementor-section-height-default elementor-invisible\" data-id=\"720a50ca\" data-element_type=\"section\" data-e-type=\"section\" data-settings=\"{&quot;animation&quot;:&quot;fadeInUp&quot;,&quot;animation_delay&quot;:300}\">\n\t\t\t\t\t\t<div class=\"elementor-container elementor-column-gap-no\">\n\t\t\t\t\t<div class=\"elementor-column elementor-col-100 elementor-top-column elementor-element elementor-element-4b5c5feb\" data-id=\"4b5c5feb\" data-element_type=\"column\" data-e-type=\"column\">\n\t\t\t<div class=\"elementor-widget-wrap elementor-element-populated\">\n\t\t\t\t\t\t<div class=\"elementor-element elementor-element-4c8902ca elementor-widget elementor-widget-cs_title\" data-id=\"4c8902ca\" data-element_type=\"widget\" data-e-type=\"widget\" data-widget_type=\"cs_title.default\">\n\t\t\t\t<div class=\"elementor-widget-container\">\n\t\t\t\t\t\n        <div class=\"cs-title-wrap text-center\">\t            <h6 class=\"cs-title color-primary\">\n\t                F\u00fcllen Sie das Formular aus\t            <\/h6>        <\/div>\t\t\t\t<\/div>\n\t\t\t\t<\/div>\n\t\t\t\t\t<\/div>\n\t\t<\/div>\n\t\t\t\t\t<\/div>\n\t\t<\/section>\n\t\t<div class=\"elementor-element elementor-element-e187cd6 e-flex e-con-boxed e-con e-parent\" data-id=\"e187cd6\" data-element_type=\"container\" data-e-type=\"container\">\n\t\t\t\t\t<div class=\"e-con-inner\">\n\t\t<div class=\"elementor-element elementor-element-43348c6 e-con-full e-flex e-con e-child\" data-id=\"43348c6\" data-element_type=\"container\" data-e-type=\"container\">\n\t\t\t\t<div class=\"elementor-element elementor-element-0e8551b elementor-widget elementor-widget-cs_form_cf7\" data-id=\"0e8551b\" data-element_type=\"widget\" data-e-type=\"widget\" data-widget_type=\"cs_form_cf7.default\">\n\t\t\t\t<div class=\"elementor-widget-container\">\n\t\t\t\t\t            <div class=\"cs-form-cf7 placeholder-normal\">\n                <div class=\"cs-form-cf7-wrap\">\n<div class=\"wpcf7 no-js\" id=\"wpcf7-f4436-o1\" lang=\"it-IT\" dir=\"ltr\" data-wpcf7-id=\"4436\">\n<div class=\"screen-reader-response\"><p role=\"status\" aria-live=\"polite\" aria-atomic=\"true\"><\/p> <ul><\/ul><\/div>\n<form action=\"\/de\/wp-json\/wp\/v2\/pages\/4430#wpcf7-f4436-o1\" method=\"post\" class=\"wpcf7-form init\" aria-label=\"Modulo di contatto\" novalidate=\"novalidate\" data-status=\"init\">\n<fieldset class=\"hidden-fields-container\"><input type=\"hidden\" name=\"_wpcf7\" value=\"4436\" \/><input type=\"hidden\" name=\"_wpcf7_version\" value=\"6.1.5\" \/><input type=\"hidden\" name=\"_wpcf7_locale\" value=\"it_IT\" \/><input type=\"hidden\" name=\"_wpcf7_unit_tag\" value=\"wpcf7-f4436-o1\" \/><input type=\"hidden\" name=\"_wpcf7_container_post\" value=\"0\" \/><input type=\"hidden\" name=\"_wpcf7_posted_data_hash\" value=\"\" \/>\n<\/fieldset>\n<div class=\"form-row half\">\n\t<p><label for=\"your-name\">Name und Nachname<\/label><br \/>\n<span class=\"wpcf7-form-control-wrap\" data-name=\"your-name\"><input size=\"40\" maxlength=\"400\" class=\"wpcf7-form-control wpcf7-text wpcf7-validates-as-required\" id=\"your-name\" aria-required=\"true\" aria-invalid=\"false\" placeholder=\"Name und Nachname\" value=\"\" type=\"text\" name=\"your-name\" \/><\/span>\n\t<\/p>\n<\/div>\n<div class=\"form-row half\">\n\t<p><label for=\"your-phone\">Ihre Telefonnummer<\/label><br \/>\n<span class=\"wpcf7-form-control-wrap\" data-name=\"your-phone\"><input size=\"40\" maxlength=\"400\" class=\"wpcf7-form-control wpcf7-tel wpcf7-validates-as-required wpcf7-text wpcf7-validates-as-tel\" id=\"your-phone\" aria-required=\"true\" aria-invalid=\"false\" placeholder=\"Ihre Telefonnummer\" value=\"\" type=\"tel\" name=\"your-phone\" \/><\/span>\n\t<\/p>\n<\/div>\n<div class=\"form-row half\">\n\t<p><label for=\"your-date\">Datum<\/label><br \/>\n<span class=\"wpcf7-form-control-wrap\" data-name=\"your-date\"><input class=\"wpcf7-form-control wpcf7-date wpcf7-validates-as-required wpcf7-validates-as-date\" id=\"your-date\" aria-required=\"true\" aria-invalid=\"false\" placeholder=\"TT\/MM\/JJJJ\" value=\"\" type=\"date\" name=\"your-date\" \/><\/span>\n\t<\/p>\n<\/div>\n<div class=\"form-row half\">\n\t<p><label for=\"your-email\">Ihre E-Mail-Adresse<\/label><br \/>\n<span class=\"wpcf7-form-control-wrap\" data-name=\"your-email\"><input size=\"40\" maxlength=\"400\" class=\"wpcf7-form-control wpcf7-email wpcf7-validates-as-required wpcf7-text wpcf7-validates-as-email\" id=\"your-email\" aria-required=\"true\" aria-invalid=\"false\" placeholder=\"Ihre E-Mail-Adresse\" value=\"\" type=\"email\" name=\"your-email\" \/><\/span>\n\t<\/p>\n<\/div>\n<div class=\"form-row half\">\n\t<p><label for=\"num-people\">Anzahl der Personen<\/label><br \/>\n<span class=\"wpcf7-form-control-wrap\" data-name=\"num-people\"><input class=\"wpcf7-form-control wpcf7-number wpcf7-validates-as-required wpcf7-validates-as-number\" id=\"num-people\" min=\"1\" aria-required=\"true\" aria-invalid=\"false\" value=\"\" type=\"number\" name=\"num-people\" \/><\/span>\n\t<\/p>\n<\/div>\n<div class=\"form-row half\">\n\t<p><label for=\"time\">Uhrzeit<\/label><br \/>\n<span class=\"wpcf7-form-control-wrap\" data-name=\"time\"><input size=\"40\" maxlength=\"400\" class=\"wpcf7-form-control wpcf7-text wpcf7-validates-as-required\" id=\"time\" aria-required=\"true\" aria-invalid=\"false\" placeholder=\"Uhrzeit\" value=\"\" type=\"text\" name=\"time\" \/><\/span>\n\t<\/p>\n<\/div>\n<div class=\"form-row\">\n\t<p><label for=\"special-requests\">Besondere Anfragen<\/label><br \/>\n<span class=\"wpcf7-form-control-wrap\" data-name=\"special-requests\"><textarea cols=\"40\" rows=\"10\" maxlength=\"2000\" class=\"wpcf7-form-control wpcf7-textarea\" id=\"special-requests\" aria-invalid=\"false\" placeholder=\"Besondere Anfragen\" name=\"special-requests\"><\/textarea><\/span>\n\t<\/p>\n<\/div>\n<div class=\"form-row\">\n\t<p><span class=\"wpcf7-form-control-wrap\" data-name=\"privacy-policy\"><span class=\"wpcf7-form-control wpcf7-acceptance\"><span class=\"wpcf7-list-item\"><label><input type=\"checkbox\" name=\"privacy-policy\" value=\"1\" id=\"privacy-policy\" aria-invalid=\"false\" \/><span class=\"wpcf7-list-item-label\">Ich habe die Datenschutzerkl\u00e4rung gelesen und akzeptiere die Verarbeitung meiner personenbezogenen Daten gem\u00e4\u00df der Datenschutzrichtlinie dieser Website<\/span><\/label><\/span><\/span><\/span>\n\t<\/p>\n<\/div>\n<div class=\"form-row\">\n\t<p><div class=\"cf7-cf-turnstile\" style=\"margin-top: 0px; margin-bottom: -15px;\"> <div id=\"cf-turnstile-cf7-652038732\" class=\"cf-turnstile\" data-sitekey=\"0x4AAAAAAAWvP0EkYq2OhO2I\" data-theme=\"light\" data-language=\"auto\" data-size=\"\" data-retry=\"auto\" data-retry-interval=\"1000\" data-refresh-expired=\"auto\" data-refresh-timeout=\"auto\" data-action=\"contact-form-7\" data-callback=\"turnstileCF7Callback\" data-appearance=\"always\"><\/div> <script>document.addEventListener(\"DOMContentLoaded\", function() { setTimeout(function(){ var e=document.getElementById(\"cf-turnstile-cf7-652038732\"); if(e&&!e.innerHTML.trim()){turnstile.render(e, {sitekey:\"0x4AAAAAAAWvP0EkYq2OhO2I\"});} }, 200); });<\/script> <br class=\"cf-turnstile-br cf-turnstile-br-cf7-652038732\"> <style>#cf-turnstile-cf7-652038732 { margin-left: -15px; }<\/style> <script>document.addEventListener(\"DOMContentLoaded\",function(){document.querySelectorAll('.wpcf7-form').forEach(function(e){e.addEventListener('submit',function(){if(document.getElementById('cf-turnstile-cf7-652038732')){setTimeout(function(){turnstile.reset('#cf-turnstile-cf7-652038732');},1000)}})})});<\/script> <\/div><br\/><input class=\"wpcf7-form-control wpcf7-submit has-spinner\" type=\"submit\" value=\"Senden\" \/>\n\t<\/p>\n<\/div><div class=\"wpcf7-response-output\" aria-hidden=\"true\"><\/div>\n<\/form>\n<\/div>\n<\/div>\n            <\/div>\t\t\t\t<\/div>\n\t\t\t\t<\/div>\n\t\t\t\t<\/div>\n\t\t<div class=\"elementor-element elementor-element-0034fd3 e-con-full e-flex e-con e-child\" data-id=\"0034fd3\" data-element_type=\"container\" data-e-type=\"container\">\n\t\t\t\t<div class=\"elementor-element elementor-element-1b0b564 elementor-widget elementor-widget-text-editor\" data-id=\"1b0b564\" data-element_type=\"widget\" data-e-type=\"widget\" data-widget_type=\"text-editor.default\">\n\t\t\t\t<div class=\"elementor-widget-container\">\n\t\t\t\t\t\t\t\t\t<p><strong>\u00d6ffnungszeiten des Restaurants<\/strong><\/p><p><strong>Montag bis Samstag<\/strong><br \/>von 18:30 bis 22:00 Uhr<\/p><p><strong>Sonntag<\/strong><br \/>von 12:00 bis 15:00 Uhr<\/p><p>Wir akzeptieren alle g\u00e4ngigen Kreditkarten.<\/p><p>Wenn Sie uns kontaktieren m\u00f6chten, rufen Sie uns bitte an unter <br \/><a href=\"tel:+39 347 2241926\">+39 347 2241926<\/a><\/p>\t\t\t\t\t\t\t\t<\/div>\n\t\t\t\t<\/div>\n\t\t\t\t<\/div>\n\t\t\t\t\t<\/div>\n\t\t\t\t<\/div>\n\t\t\t\t<\/div>\n\t\t","protected":false},"excerpt":{"rendered":"<p>Restaurantreservierungen F\u00fcllen Sie das Formular aus Name und Nachname Ihre Telefonnummer Datum Ihre E-Mail-Adresse Anzahl der Personen Uhrzeit Besondere Anfragen Ich habe die Datenschutzerkl\u00e4rung gelesen und akzeptiere die Verarbeitung meiner personenbezogenen Daten gem\u00e4\u00df der Datenschutzrichtlinie dieser Website \u00d6ffnungszeiten des Restaurants Montag bis Samstagvon 18:30 bis 22:00 Uhr Sonntagvon 12:00 bis 15:00 Uhr Wir akzeptieren alle &#8230;<\/p>\n","protected":false},"author":2,"featured_media":0,"parent":0,"menu_order":0,"comment_status":"closed","ping_status":"closed","template":"template-wide-content.php","meta":{"cozystay_single_page_hide_site_header":"","cozystay_single_page_site_header_source":"","cozystay_single_page_custom_site_header":"0","cozystay_single_page_custom_sticky_site_header":"0","cozystay_single_page_hide_page_title":"on","cozystay_single_page_header_section_size":"","cozystay_single_page_header_background_color":"","cozystay_single_page_header_background_position_x":"center","cozystay_single_page_header_background_position_y":"center","cozystay_single_page_header_background_size":"cover","cozystay_single_page_header_background_repeat":"off","cozystay_single_page_header_background_scroll":"on","cozystay_single_page_header_text_color":"","cozystay_single_page_header_show_breadcrumb":"","cozystay_single_page_site_footer_hide_main":"","cozystay_single_custom_site_footer_main_source":"","cozystay_single_custom_site_footer_main":"0","cozystay_single_page_site_footer_hide_above":"","cozystay_single_custom_site_footer_above_source":"","cozystay_single_custom_site_footer_above":"0","cozystay_single_page_site_footer_hide_instagram":"","cozystay_single_page_site_footer_hide_bottom":"","cozystay_single_custom_mobile_menu_source":"","cozystay_single_custom_mobile_menu":"0","cozystay_single_custom_mobile_menu_animation":"","cozystay_single_custom_mobile_menu_width":"","cozystay_single_custom_mobile_menu_custom_width":375,"footnotes":""},"class_list":["post-4430","page","type-page","status-publish","hentry"],"yoast_head":"<!-- This site is optimized with the Yoast SEO plugin v27.4 - https:\/\/yoast.com\/product\/yoast-seo-wordpress\/ -->\n<title>Restaurantreservierungen | Locanda e Ristorante a Sistiana (Trieste)<\/title>\n<meta name=\"robots\" content=\"noindex, nofollow\" \/>\n<meta property=\"og:locale\" content=\"de_DE\" \/>\n<meta property=\"og:type\" content=\"article\" \/>\n<meta property=\"og:title\" content=\"Restaurantreservierungen | Locanda e Ristorante a Sistiana (Trieste)\" \/>\n<meta property=\"og:description\" content=\"Restaurantreservierungen F\u00fcllen Sie das Formular aus Name und Nachname Ihre Telefonnummer Datum Ihre E-Mail-Adresse Anzahl der Personen Uhrzeit Besondere Anfragen Ich habe die Datenschutzerkl\u00e4rung gelesen und akzeptiere die Verarbeitung meiner personenbezogenen Daten gem\u00e4\u00df der Datenschutzrichtlinie dieser Website \u00d6ffnungszeiten des Restaurants Montag bis Samstagvon 18:30 bis 22:00 Uhr Sonntagvon 12:00 bis 15:00 Uhr Wir akzeptieren alle ...\" \/>\n<meta property=\"og:url\" content=\"https:\/\/www.gaudemus.com\/de\/restaurantreservierungen\/\" \/>\n<meta property=\"og:site_name\" content=\"Locanda e Ristorante a Sistiana (Trieste)\" \/>\n<meta property=\"article:modified_time\" content=\"2024-03-28T09:30:51+00:00\" \/>\n<meta property=\"og:image\" content=\"https:\/\/www.gaudemus.com\/wp-content\/uploads\/2024\/03\/GAUDEMUS_2024_marchio_negativo.png\" \/>\n\t<meta property=\"og:image:width\" content=\"2241\" \/>\n\t<meta property=\"og:image:height\" content=\"483\" \/>\n\t<meta property=\"og:image:type\" content=\"image\/png\" \/>\n<meta name=\"twitter:card\" content=\"summary_large_image\" \/>\n<meta name=\"twitter:label1\" content=\"Gesch\u00e4tzte Lesezeit\" \/>\n\t<meta name=\"twitter:data1\" content=\"1\u00a0Minute\" \/>\n<script type=\"application\/ld+json\" class=\"yoast-schema-graph\">{\"@context\":\"https:\\\/\\\/schema.org\",\"@graph\":[{\"@type\":\"WebPage\",\"@id\":\"https:\\\/\\\/www.gaudemus.com\\\/de\\\/restaurantreservierungen\\\/\",\"url\":\"https:\\\/\\\/www.gaudemus.com\\\/de\\\/restaurantreservierungen\\\/\",\"name\":\"Restaurantreservierungen | Locanda e Ristorante a Sistiana (Trieste)\",\"isPartOf\":{\"@id\":\"https:\\\/\\\/www.gaudemus.com\\\/de\\\/#website\"},\"datePublished\":\"2024-03-12T08:45:06+00:00\",\"dateModified\":\"2024-03-28T09:30:51+00:00\",\"breadcrumb\":{\"@id\":\"https:\\\/\\\/www.gaudemus.com\\\/de\\\/restaurantreservierungen\\\/#breadcrumb\"},\"inLanguage\":\"de\",\"potentialAction\":[{\"@type\":\"ReadAction\",\"target\":[\"https:\\\/\\\/www.gaudemus.com\\\/de\\\/restaurantreservierungen\\\/\"]}]},{\"@type\":\"BreadcrumbList\",\"@id\":\"https:\\\/\\\/www.gaudemus.com\\\/de\\\/restaurantreservierungen\\\/#breadcrumb\",\"itemListElement\":[{\"@type\":\"ListItem\",\"position\":1,\"name\":\"Home\",\"item\":\"https:\\\/\\\/www.gaudemus.com\\\/de\\\/\"},{\"@type\":\"ListItem\",\"position\":2,\"name\":\"Restaurantreservierungen\"}]},{\"@type\":\"WebSite\",\"@id\":\"https:\\\/\\\/www.gaudemus.com\\\/de\\\/#website\",\"url\":\"https:\\\/\\\/www.gaudemus.com\\\/de\\\/\",\"name\":\"Locanda e Ristorante a Sistiana (Trieste)\",\"description\":\"\",\"publisher\":{\"@id\":\"https:\\\/\\\/www.gaudemus.com\\\/de\\\/#organization\"},\"potentialAction\":[{\"@type\":\"SearchAction\",\"target\":{\"@type\":\"EntryPoint\",\"urlTemplate\":\"https:\\\/\\\/www.gaudemus.com\\\/de\\\/?s={search_term_string}\"},\"query-input\":{\"@type\":\"PropertyValueSpecification\",\"valueRequired\":true,\"valueName\":\"search_term_string\"}}],\"inLanguage\":\"de\"},{\"@type\":\"Organization\",\"@id\":\"https:\\\/\\\/www.gaudemus.com\\\/de\\\/#organization\",\"name\":\"Locanda e Ristorante a Sistiana (Trieste)\",\"url\":\"https:\\\/\\\/www.gaudemus.com\\\/de\\\/\",\"logo\":{\"@type\":\"ImageObject\",\"inLanguage\":\"de\",\"@id\":\"https:\\\/\\\/www.gaudemus.com\\\/de\\\/#\\\/schema\\\/logo\\\/image\\\/\",\"url\":\"https:\\\/\\\/www.gaudemus.com\\\/wp-content\\\/uploads\\\/2024\\\/03\\\/GAUDEMUS_2024_marchio_negativo.png\",\"contentUrl\":\"https:\\\/\\\/www.gaudemus.com\\\/wp-content\\\/uploads\\\/2024\\\/03\\\/GAUDEMUS_2024_marchio_negativo.png\",\"width\":2241,\"height\":483,\"caption\":\"Locanda e Ristorante a Sistiana (Trieste)\"},\"image\":{\"@id\":\"https:\\\/\\\/www.gaudemus.com\\\/de\\\/#\\\/schema\\\/logo\\\/image\\\/\"}}]}<\/script>\n<!-- \/ Yoast SEO plugin. -->","yoast_head_json":{"title":"Restaurantreservierungen | Locanda e Ristorante a Sistiana (Trieste)","robots":{"index":"noindex","follow":"nofollow"},"og_locale":"de_DE","og_type":"article","og_title":"Restaurantreservierungen | Locanda e Ristorante a Sistiana (Trieste)","og_description":"Restaurantreservierungen F\u00fcllen Sie das Formular aus Name und Nachname Ihre Telefonnummer Datum Ihre E-Mail-Adresse Anzahl der Personen Uhrzeit Besondere Anfragen Ich habe die Datenschutzerkl\u00e4rung gelesen und akzeptiere die Verarbeitung meiner personenbezogenen Daten gem\u00e4\u00df der Datenschutzrichtlinie dieser Website \u00d6ffnungszeiten des Restaurants Montag bis Samstagvon 18:30 bis 22:00 Uhr Sonntagvon 12:00 bis 15:00 Uhr Wir akzeptieren alle ...","og_url":"https:\/\/www.gaudemus.com\/de\/restaurantreservierungen\/","og_site_name":"Locanda e Ristorante a Sistiana (Trieste)","article_modified_time":"2024-03-28T09:30:51+00:00","og_image":[{"width":2241,"height":483,"url":"https:\/\/www.gaudemus.com\/wp-content\/uploads\/2024\/03\/GAUDEMUS_2024_marchio_negativo.png","type":"image\/png"}],"twitter_card":"summary_large_image","twitter_misc":{"Gesch\u00e4tzte Lesezeit":"1\u00a0Minute"},"schema":{"@context":"https:\/\/schema.org","@graph":[{"@type":"WebPage","@id":"https:\/\/www.gaudemus.com\/de\/restaurantreservierungen\/","url":"https:\/\/www.gaudemus.com\/de\/restaurantreservierungen\/","name":"Restaurantreservierungen | Locanda e Ristorante a Sistiana (Trieste)","isPartOf":{"@id":"https:\/\/www.gaudemus.com\/de\/#website"},"datePublished":"2024-03-12T08:45:06+00:00","dateModified":"2024-03-28T09:30:51+00:00","breadcrumb":{"@id":"https:\/\/www.gaudemus.com\/de\/restaurantreservierungen\/#breadcrumb"},"inLanguage":"de","potentialAction":[{"@type":"ReadAction","target":["https:\/\/www.gaudemus.com\/de\/restaurantreservierungen\/"]}]},{"@type":"BreadcrumbList","@id":"https:\/\/www.gaudemus.com\/de\/restaurantreservierungen\/#breadcrumb","itemListElement":[{"@type":"ListItem","position":1,"name":"Home","item":"https:\/\/www.gaudemus.com\/de\/"},{"@type":"ListItem","position":2,"name":"Restaurantreservierungen"}]},{"@type":"WebSite","@id":"https:\/\/www.gaudemus.com\/de\/#website","url":"https:\/\/www.gaudemus.com\/de\/","name":"Locanda e Ristorante a Sistiana (Trieste)","description":"","publisher":{"@id":"https:\/\/www.gaudemus.com\/de\/#organization"},"potentialAction":[{"@type":"SearchAction","target":{"@type":"EntryPoint","urlTemplate":"https:\/\/www.gaudemus.com\/de\/?s={search_term_string}"},"query-input":{"@type":"PropertyValueSpecification","valueRequired":true,"valueName":"search_term_string"}}],"inLanguage":"de"},{"@type":"Organization","@id":"https:\/\/www.gaudemus.com\/de\/#organization","name":"Locanda e Ristorante a Sistiana (Trieste)","url":"https:\/\/www.gaudemus.com\/de\/","logo":{"@type":"ImageObject","inLanguage":"de","@id":"https:\/\/www.gaudemus.com\/de\/#\/schema\/logo\/image\/","url":"https:\/\/www.gaudemus.com\/wp-content\/uploads\/2024\/03\/GAUDEMUS_2024_marchio_negativo.png","contentUrl":"https:\/\/www.gaudemus.com\/wp-content\/uploads\/2024\/03\/GAUDEMUS_2024_marchio_negativo.png","width":2241,"height":483,"caption":"Locanda e Ristorante a Sistiana (Trieste)"},"image":{"@id":"https:\/\/www.gaudemus.com\/de\/#\/schema\/logo\/image\/"}}]}},"_links":{"self":[{"href":"https:\/\/www.gaudemus.com\/de\/wp-json\/wp\/v2\/pages\/4430","targetHints":{"allow":["GET"]}}],"collection":[{"href":"https:\/\/www.gaudemus.com\/de\/wp-json\/wp\/v2\/pages"}],"about":[{"href":"https:\/\/www.gaudemus.com\/de\/wp-json\/wp\/v2\/types\/page"}],"author":[{"embeddable":true,"href":"https:\/\/www.gaudemus.com\/de\/wp-json\/wp\/v2\/users\/2"}],"replies":[{"embeddable":true,"href":"https:\/\/www.gaudemus.com\/de\/wp-json\/wp\/v2\/comments?post=4430"}],"version-history":[{"count":0,"href":"https:\/\/www.gaudemus.com\/de\/wp-json\/wp\/v2\/pages\/4430\/revisions"}],"wp:attachment":[{"href":"https:\/\/www.gaudemus.com\/de\/wp-json\/wp\/v2\/media?parent=4430"}],"curies":[{"name":"wp","href":"https:\/\/api.w.org\/{rel}","templated":true}]}}